{"id":10057,"date":"2026-04-23T14:48:57","date_gmt":"2026-04-23T14:48:57","guid":{"rendered":"https:\/\/www.skinatech.com\/inicio\/?page_id=10057"},"modified":"2026-04-23T20:04:38","modified_gmt":"2026-04-23T20:04:38","slug":"lanzamiento-orfeo-ng-2","status":"publish","type":"page","link":"https:\/\/www.skinatech.com\/inicio\/lanzamiento-orfeo-ng-2\/","title":{"rendered":"Lanzamiento Orfeo NG 2"},"content":{"rendered":"\t\t<div data-elementor-type=\"wp-page\" data-elementor-id=\"10057\" class=\"elementor elementor-10057\">\n\t\t\t\t\t\t\t\t\t<section class=\"elementor-section elementor-top-section elementor-element elementor-element-412c6ed elementor-section-height-min-height elementor-section-full_width elementor-section-height-default elementor-section-items-middle\" data-id=\"412c6ed\" data-element_type=\"section\" data-settings=\"{&quot;background_background&quot;:&quot;classic&quot;}\">\n\t\t\t\t\t\t\t<div class=\"elementor-background-overlay\"><\/div>\n\t\t\t\t\t\t\t<div class=\"elementor-container elementor-column-gap-default\">\n\t\t\t\t\t<div class=\"elementor-column elementor-col-100 elementor-top-column elementor-element elementor-element-512d1d2\" data-id=\"512d1d2\" data-element_type=\"column\">\n\t\t\t<div class=\"elementor-widget-wrap elementor-element-populated\">\n\t\t\t\t\t\t\t\t<div class=\"elementor-element elementor-element-b613234 elementor-widget elementor-widget-heading\" data-id=\"b613234\" data-element_type=\"widget\" data-widget_type=\"heading.default\">\n\t\t\t\t<div class=\"elementor-widget-container\">\n\t\t\t<h1 class=\"elementor-heading-title elementor-size-large\">Lanzamiento Orfeo NG II<\/h1>\t\t<\/div>\n\t\t\t\t<\/div>\n\t\t\t\t\t<\/div>\n\t\t<\/div>\n\t\t\t\t\t\t\t<\/div>\n\t\t<\/section>\n\t\t\t\t<section class=\"elementor-section elementor-top-section elementor-element elementor-element-3506bb3 elementor-section-content-middle elementor-reverse-mobile elementor-section-boxed elementor-section-height-default elementor-section-height-default\" data-id=\"3506bb3\" data-element_type=\"section\">\n\t\t\t\t\t\t<div class=\"elementor-container elementor-column-gap-default\">\n\t\t\t\t\t<div class=\"elementor-column elementor-col-50 elementor-top-column elementor-element elementor-element-bd7737e\" data-id=\"bd7737e\" data-element_type=\"column\">\n\t\t\t<div class=\"elementor-widget-wrap elementor-element-populated\">\n\t\t\t\t\t\t\t\t<div class=\"elementor-element elementor-element-526edbb elementor-widget elementor-widget-image\" data-id=\"526edbb\" data-element_type=\"widget\" data-widget_type=\"image.default\">\n\t\t\t\t<div class=\"elementor-widget-container\">\n\t\t\t\t\t\t\t\t\t\t\t\t\t\t\t<img width=\"580\" height=\"650\" src=\"https:\/\/www.skinatech.com\/inicio\/wp-content\/uploads\/2026\/04\/invitacion_virtual_lanzamiento_orfeo_ng_2_skinatech.png\" class=\"attachment-large size-large wp-image-12642\" alt=\"Invitaci\u00f3n virtual Orfeo NG II\" loading=\"lazy\" srcset=\"https:\/\/www.skinatech.com\/inicio\/wp-content\/uploads\/2026\/04\/invitacion_virtual_lanzamiento_orfeo_ng_2_skinatech.png 580w, https:\/\/www.skinatech.com\/inicio\/wp-content\/uploads\/2026\/04\/invitacion_virtual_lanzamiento_orfeo_ng_2_skinatech-268x300.png 268w\" sizes=\"(max-width: 580px) 100vw, 580px\" \/>\t\t\t\t\t\t\t\t\t\t\t\t\t\t\t<\/div>\n\t\t\t\t<\/div>\n\t\t\t\t<div class=\"elementor-element elementor-element-32f4f3a elementor-widget elementor-widget-text-editor\" data-id=\"32f4f3a\" data-element_type=\"widget\" data-widget_type=\"text-editor.default\">\n\t\t\t\t<div class=\"elementor-widget-container\">\n\t\t\t\t\t\t\t<p style=\"text-align: center;\">S\u00edguenos en nuestras redes sociales y ent\u00e9rate de nuestros eventos<\/p>\t\t\t\t\t\t<\/div>\n\t\t\t\t<\/div>\n\t\t\t\t<div class=\"elementor-element elementor-element-85dc6cd elementor-shape-square elementor-grid-0 e-grid-align-center elementor-widget elementor-widget-social-icons\" data-id=\"85dc6cd\" data-element_type=\"widget\" data-widget_type=\"social-icons.default\">\n\t\t\t\t<div class=\"elementor-widget-container\">\n\t\t\t\t\t<div class=\"elementor-social-icons-wrapper elementor-grid\">\n\t\t\t\t\t\t\t<span class=\"elementor-grid-item\">\n\t\t\t\t\t<a class=\"elementor-icon elementor-social-icon elementor-social-icon-facebook-f elementor-animation-grow elementor-repeater-item-2d0da0c\" href=\"https:\/\/www.facebook.com\/skinatech\" target=\"_blank\">\n\t\t\t\t\t\t<span class=\"elementor-screen-only\">Facebook-f<\/span>\n\t\t\t\t\t\t<i class=\"fab fa-facebook-f\"><\/i>\t\t\t\t\t<\/a>\n\t\t\t\t<\/span>\n\t\t\t\t\t\t\t<span class=\"elementor-grid-item\">\n\t\t\t\t\t<a class=\"elementor-icon elementor-social-icon elementor-social-icon-instagram elementor-animation-grow elementor-repeater-item-5ca9cdb\" href=\"https:\/\/www.instagram.com\/skina_tech\/\" target=\"_blank\">\n\t\t\t\t\t\t<span class=\"elementor-screen-only\">Instagram<\/span>\n\t\t\t\t\t\t<i class=\"fab fa-instagram\"><\/i>\t\t\t\t\t<\/a>\n\t\t\t\t<\/span>\n\t\t\t\t\t\t\t<span class=\"elementor-grid-item\">\n\t\t\t\t\t<a class=\"elementor-icon elementor-social-icon elementor-social-icon-linkedin elementor-animation-grow elementor-repeater-item-348a429\" href=\"https:\/\/www.linkedin.com\/company\/skina-technologies-sas\/\" target=\"_blank\">\n\t\t\t\t\t\t<span class=\"elementor-screen-only\">Linkedin<\/span>\n\t\t\t\t\t\t<i class=\"fab fa-linkedin\"><\/i>\t\t\t\t\t<\/a>\n\t\t\t\t<\/span>\n\t\t\t\t\t\t\t<span class=\"elementor-grid-item\">\n\t\t\t\t\t<a class=\"elementor-icon elementor-social-icon elementor-social-icon-youtube elementor-animation-grow elementor-repeater-item-d138417\" href=\"https:\/\/www.youtube.com\/channel\/UCvJ5AKmodoBuYJbVCpNaEyA\/videos\" target=\"_blank\">\n\t\t\t\t\t\t<span class=\"elementor-screen-only\">Youtube<\/span>\n\t\t\t\t\t\t<i class=\"fab fa-youtube\"><\/i>\t\t\t\t\t<\/a>\n\t\t\t\t<\/span>\n\t\t\t\t\t<\/div>\n\t\t\t\t<\/div>\n\t\t\t\t<\/div>\n\t\t\t\t\t<\/div>\n\t\t<\/div>\n\t\t\t\t<div class=\"elementor-column elementor-col-50 elementor-top-column elementor-element elementor-element-12dfe42\" data-id=\"12dfe42\" data-element_type=\"column\">\n\t\t\t<div class=\"elementor-widget-wrap elementor-element-populated\">\n\t\t\t\t\t\t\t\t<div class=\"elementor-element elementor-element-b9a980e elementor-widget elementor-widget-heading\" data-id=\"b9a980e\" data-element_type=\"widget\" data-widget_type=\"heading.default\">\n\t\t\t\t<div class=\"elementor-widget-container\">\n\t\t\t<h2 class=\"elementor-heading-title elementor-size-large\">Reg\u00edstrate<\/h2>\t\t<\/div>\n\t\t\t\t<\/div>\n\t\t\t\t<div class=\"elementor-element elementor-element-76bcc3a elementor-widget elementor-widget-text-editor\" data-id=\"76bcc3a\" data-element_type=\"widget\" data-widget_type=\"text-editor.default\">\n\t\t\t\t<div class=\"elementor-widget-container\">\n\t\t\t\t\t\t\t<p><span style=\"font-style: inherit; font-weight: inherit; letter-spacing: 0px;\">Registra tus datos si est\u00e1s interesado(a) en asistir a la transmisi\u00f3n en vivo y\u00a0<\/span><span style=\"font-style: inherit; font-weight: inherit; letter-spacing: 0px;\">pronto recibir\u00e1s el link de acceso.\u00a0<\/span><\/p>\t\t\t\t\t\t<\/div>\n\t\t\t\t<\/div>\n\t\t\t\t<div class=\"elementor-element elementor-element-7f9169d elementor-widget elementor-widget-shortcode\" data-id=\"7f9169d\" data-element_type=\"widget\" data-widget_type=\"shortcode.default\">\n\t\t\t\t<div class=\"elementor-widget-container\">\n\t\t\t\t\t<div class=\"elementor-shortcode\"><div role=\"form\" class=\"wpcf7\" id=\"wpcf7-f12679-o1\" lang=\"es-ES\" dir=\"ltr\">\n<div class=\"screen-reader-response\"><p role=\"status\" aria-live=\"polite\" aria-atomic=\"true\"><\/p> <ul><\/ul><\/div>\n<form action=\"\/inicio\/wp-json\/wp\/v2\/pages\/10057#wpcf7-f12679-o1\" method=\"post\" class=\"wpcf7-form init\" novalidate=\"novalidate\" data-status=\"init\">\n<div style=\"display: none;\">\n<input type=\"hidden\" name=\"_wpcf7\" value=\"12679\" \/>\n<input type=\"hidden\" name=\"_wpcf7_version\" value=\"5.5.6\" \/>\n<input type=\"hidden\" name=\"_wpcf7_locale\" value=\"es_ES\" \/>\n<input type=\"hidden\" name=\"_wpcf7_unit_tag\" value=\"wpcf7-f12679-o1\" \/>\n<input type=\"hidden\" name=\"_wpcf7_container_post\" value=\"0\" \/>\n<input type=\"hidden\" name=\"_wpcf7_posted_data_hash\" value=\"\" \/>\n<input type=\"hidden\" name=\"_wpcf7_recaptcha_response\" value=\"\" \/>\n<\/div>\n<p><label> Nombre*:<br \/>\n    <span class=\"wpcf7-form-control-wrap your-name\"><input type=\"text\" name=\"your-name\" value=\"\" size=\"40\" class=\"wpcf7-form-control wpcf7-text wpcf7-validates-as-required\" aria-required=\"true\" aria-invalid=\"false\" \/><\/span> <\/label><\/p>\n<p><label> Apellido*.:<br \/>\n    <span class=\"wpcf7-form-control-wrap your-lastname\"><input type=\"text\" name=\"your-lastname\" value=\"\" size=\"40\" class=\"wpcf7-form-control wpcf7-text wpcf7-validates-as-required\" aria-required=\"true\" aria-invalid=\"false\" \/><\/span> <\/label><\/p>\n<p><label> Empresa*:<br \/>\n   <span class=\"wpcf7-form-control-wrap text-148\"><input type=\"text\" name=\"text-148\" value=\"\" size=\"40\" class=\"wpcf7-form-control wpcf7-text wpcf7-validates-as-required\" aria-required=\"true\" aria-invalid=\"false\" \/><\/span> <\/label><\/p>\n<p><label> Correo electr\u00f3nico*:<br \/>\n    <span class=\"wpcf7-form-control-wrap your-email\"><input type=\"email\" name=\"your-email\" value=\"\" size=\"40\" class=\"wpcf7-form-control wpcf7-text wpcf7-email wpcf7-validates-as-required wpcf7-validates-as-email\" aria-required=\"true\" aria-invalid=\"false\" \/><\/span> <\/label><\/p>\n<p><label> Celular:<br \/>\n<span class=\"wpcf7-form-control-wrap tel-715\"><input type=\"tel\" name=\"tel-715\" value=\"\" size=\"40\" minlength=\"10\" class=\"wpcf7-form-control wpcf7-text wpcf7-tel wpcf7-validates-as-tel\" aria-invalid=\"false\" \/><\/span> <\/label><\/p>\n<p><label> \u00bfC\u00f3mo te enteraste del lanzamiento?<br \/>\n<span class=\"wpcf7-form-control-wrap menu-375\"><select name=\"menu-375\" class=\"wpcf7-form-control wpcf7-select wpcf7-validates-as-required\" aria-required=\"true\" aria-invalid=\"false\"><option value=\"\">---<\/option><option value=\"P\u00e1gina oficial de SkinaTech\">P\u00e1gina oficial de SkinaTech<\/option><option value=\"Correo electr\u00f3nico de OrfeoLibre\">Correo electr\u00f3nico de OrfeoLibre<\/option><option value=\"P\u00e1gina oficial de OrfeoLibre\">P\u00e1gina oficial de OrfeoLibre<\/option><option value=\"Redes sociales\">Redes sociales<\/option><option value=\"Otro\">Otro<\/option><\/select><\/span> <\/label><\/p>\n<p><span class=\"wpcf7-form-control-wrap RGPD\"><span class=\"wpcf7-form-control wpcf7-acceptance\"><span class=\"wpcf7-list-item\"><label><input type=\"checkbox\" name=\"RGPD\" value=\"1\" aria-invalid=\"false\" \/><span class=\"wpcf7-list-item-label\">He le\u00eddo y acepto la <a href=\"https:\/\/www.skinatech.com\/inicio\/politica-privacidad\/\" target=\"_blank\" rel=\"noreferrer noopener nofollow\" title=\"privacidad\">pol\u00edtica de privacidad<\/a> y manejo de datos personales de SkinaTech para el env\u00edo de informaci\u00f3n.<\/span><\/label><\/span><\/span><\/span><\/p>\n<p><input type=\"submit\" value=\"Enviar\" class=\"wpcf7-form-control has-spinner wpcf7-submit\" \/><\/p>\n<p style=\"display: none !important;\"><label>&#916;<textarea name=\"_wpcf7_ak_hp_textarea\" cols=\"45\" rows=\"8\" maxlength=\"100\"><\/textarea><\/label><input type=\"hidden\" id=\"ak_js_1\" name=\"_wpcf7_ak_js\" value=\"21\"\/><script>document.getElementById( \"ak_js_1\" ).setAttribute( \"value\", ( new Date() ).getTime() );<\/script><\/p><div class=\"wpcf7-response-output\" aria-hidden=\"true\"><\/div><\/form><\/div><\/div>\n\t\t\t\t<\/div>\n\t\t\t\t<\/div>\n\t\t\t\t\t<\/div>\n\t\t<\/div>\n\t\t\t\t\t\t\t<\/div>\n\t\t<\/section>\n\t\t\t\t\t\t\t<\/div>\n\t\t","protected":false},"excerpt":{"rendered":"<p>Lanzamiento Orfeo NG II S\u00edguenos en nuestras redes sociales y ent\u00e9rate de nuestros eventos Facebook-f Instagram Linkedin Youtube Reg\u00edstrate Registra tus datos si est\u00e1s interesado(a) en asistir a la transmisi\u00f3n en vivo y\u00a0pronto recibir\u00e1s el link de acceso.\u00a0<\/p>\n","protected":false},"author":2,"featured_media":0,"parent":0,"menu_order":0,"comment_status":"closed","ping_status":"closed","template":"","meta":{"site-sidebar-layout":"no-sidebar","site-content-layout":"page-builder","ast-site-content-layout":"full-width-container","site-content-style":"unboxed","site-sidebar-style":"unboxed","ast-global-header-display":"","ast-banner-title-visibility":"","ast-main-header-display":"","ast-hfb-above-header-display":"","ast-hfb-below-header-display":"","ast-hfb-mobile-header-display":"","site-post-title":"disabled","ast-breadcrumbs-content":"","ast-featured-img":"disabled","footer-sml-layout":"","theme-transparent-header-meta":"","adv-header-id-meta":"","stick-header-meta":"","header-above-stick-meta":"","header-main-stick-meta":"","header-below-stick-meta":"","astra-migrate-meta-layouts":"set","ast-page-background-enabled":"default","ast-page-background-meta":{"desktop":{"background-color":"","background-image":"","background-repeat":"repeat","background-position":"center center","background-size":"auto","background-attachment":"scroll","background-type":"","background-media":"","overlay-type":"","overlay-color":"","overlay-opacity":"","overlay-gradient":""},"tablet":{"background-color":"","background-image":"","background-repeat":"repeat","background-position":"center center","background-size":"auto","background-attachment":"scroll","background-type":"","background-media":"","overlay-type":"","overlay-color":"","overlay-opacity":"","overlay-gradient":""},"mobile":{"background-color":"","background-image":"","background-repeat":"repeat","background-position":"center center","background-size":"auto","background-attachment":"scroll","background-type":"","background-media":"","overlay-type":"","overlay-color":"","overlay-opacity":"","overlay-gradient":""}},"ast-content-background-meta":{"desktop":{"background-color":"var(--ast-global-color-5)","background-image":"","background-repeat":"repeat","background-position":"center center","background-size":"auto","background-attachment":"scroll","background-type":"","background-media":"","overlay-type":"","overlay-color":"","overlay-opacity":"","overlay-gradient":""},"tablet":{"background-color":"var(--ast-global-color-5)","background-image":"","background-repeat":"repeat","background-position":"center center","background-size":"auto","background-attachment":"scroll","background-type":"","background-media":"","overlay-type":"","overlay-color":"","overlay-opacity":"","overlay-gradient":""},"mobile":{"background-color":"var(--ast-global-color-5)","background-image":"","background-repeat":"repeat","background-position":"center center","background-size":"auto","background-attachment":"scroll","background-type":"","background-media":"","overlay-type":"","overlay-color":"","overlay-opacity":"","overlay-gradient":""}}},"yoast_head":"<!-- This site is optimized with the Yoast SEO plugin v18.2 - https:\/\/yoast.com\/wordpress\/plugins\/seo\/ -->\n<title>Lanzamiento Orfeo NG 2 - Skina Technologies S.A.S.<\/title>\n<meta name=\"description\" content=\"Registra tus datos si est\u00e1s interesado(a) en asistir a la transmisi\u00f3n en vivo y\u00a0pronto recibir\u00e1s el link de acceso.\u00a0\" \/>\n<meta name=\"robots\" content=\"index, follow, max-snippet:-1, max-image-preview:large, max-video-preview:-1\" \/>\n<link rel=\"canonical\" href=\"https:\/\/www.skinatech.com\/inicio\/lanzamiento-orfeo-ng-2\/\" \/>\n<meta property=\"og:locale\" content=\"es_ES\" \/>\n<meta property=\"og:type\" content=\"article\" \/>\n<meta property=\"og:title\" content=\"Lanzamiento Orfeo NG 2 - Skina Technologies S.A.S.\" \/>\n<meta property=\"og:description\" content=\"Registra tus datos si est\u00e1s interesado(a) en asistir a la transmisi\u00f3n en vivo y\u00a0pronto recibir\u00e1s el link de acceso.\u00a0\" \/>\n<meta property=\"og:url\" content=\"https:\/\/www.skinatech.com\/inicio\/lanzamiento-orfeo-ng-2\/\" \/>\n<meta property=\"og:site_name\" content=\"Skina Technologies S.A.S.\" \/>\n<meta property=\"article:publisher\" content=\"https:\/\/www.facebook.com\/skinatech\/\" \/>\n<meta property=\"article:modified_time\" content=\"2026-04-23T20:04:38+00:00\" \/>\n<meta property=\"og:image\" content=\"https:\/\/www.skinatech.com\/inicio\/wp-content\/uploads\/2026\/04\/invitacion_virtual_lanzamiento_orfeo_ng_2_skinatech.png\" \/>\n<meta name=\"twitter:card\" content=\"summary_large_image\" \/>\n<meta name=\"twitter:label1\" content=\"Tiempo de lectura\" \/>\n\t<meta name=\"twitter:data1\" content=\"1 minuto\" \/>\n<script type=\"application\/ld+json\" class=\"yoast-schema-graph\">{\"@context\":\"https:\/\/schema.org\",\"@graph\":[{\"@type\":\"Organization\",\"@id\":\"https:\/\/www.skinatech.com\/inicio\/#organization\",\"name\":\"Skina Technologies S.A.S\",\"url\":\"https:\/\/www.skinatech.com\/inicio\/\",\"sameAs\":[\"https:\/\/www.facebook.com\/skinatech\/\",\"https:\/\/www.instagram.com\/skina_tech\/\",\"https:\/\/www.linkedin.com\/company\/skina-technologies-sas\/\",\"https:\/\/www.youtube.com\/@SkinaTechnologiesSAS\"],\"logo\":{\"@type\":\"ImageObject\",\"@id\":\"https:\/\/www.skinatech.com\/inicio\/#logo\",\"inLanguage\":\"es\",\"url\":\"https:\/\/www.skinatech.com\/inicio\/wp-content\/uploads\/2021\/05\/logo_skinatech_2021_skinatech_logo.png\",\"contentUrl\":\"https:\/\/www.skinatech.com\/inicio\/wp-content\/uploads\/2021\/05\/logo_skinatech_2021_skinatech_logo.png\",\"width\":692,\"height\":251,\"caption\":\"Skina Technologies S.A.S\"},\"image\":{\"@id\":\"https:\/\/www.skinatech.com\/inicio\/#logo\"}},{\"@type\":\"WebSite\",\"@id\":\"https:\/\/www.skinatech.com\/inicio\/#website\",\"url\":\"https:\/\/www.skinatech.com\/inicio\/\",\"name\":\"Skina Technologies S.A.S.\",\"description\":\"SkinaTech Gesti\u00f3n Documental\",\"publisher\":{\"@id\":\"https:\/\/www.skinatech.com\/inicio\/#organization\"},\"potentialAction\":[{\"@type\":\"SearchAction\",\"target\":{\"@type\":\"EntryPoint\",\"urlTemplate\":\"https:\/\/www.skinatech.com\/inicio\/?s={search_term_string}\"},\"query-input\":\"required name=search_term_string\"}],\"inLanguage\":\"es\"},{\"@type\":\"ImageObject\",\"@id\":\"https:\/\/www.skinatech.com\/inicio\/lanzamiento-orfeo-ng-2\/#primaryimage\",\"inLanguage\":\"es\",\"url\":\"https:\/\/www.skinatech.com\/inicio\/wp-content\/uploads\/2026\/04\/invitacion_virtual_lanzamiento_orfeo_ng_2_skinatech.png\",\"contentUrl\":\"https:\/\/www.skinatech.com\/inicio\/wp-content\/uploads\/2026\/04\/invitacion_virtual_lanzamiento_orfeo_ng_2_skinatech.png\",\"width\":580,\"height\":650,\"caption\":\"Invitaci\u00f3n virtual Orfeo NG II\"},{\"@type\":\"WebPage\",\"@id\":\"https:\/\/www.skinatech.com\/inicio\/lanzamiento-orfeo-ng-2\/#webpage\",\"url\":\"https:\/\/www.skinatech.com\/inicio\/lanzamiento-orfeo-ng-2\/\",\"name\":\"Lanzamiento Orfeo NG 2 - Skina Technologies S.A.S.\",\"isPartOf\":{\"@id\":\"https:\/\/www.skinatech.com\/inicio\/#website\"},\"primaryImageOfPage\":{\"@id\":\"https:\/\/www.skinatech.com\/inicio\/lanzamiento-orfeo-ng-2\/#primaryimage\"},\"datePublished\":\"2026-04-23T14:48:57+00:00\",\"dateModified\":\"2026-04-23T20:04:38+00:00\",\"description\":\"Registra tus datos si est\u00e1s interesado(a) en asistir a la transmisi\u00f3n en vivo y\u00a0pronto recibir\u00e1s el link de acceso.\u00a0\",\"breadcrumb\":{\"@id\":\"https:\/\/www.skinatech.com\/inicio\/lanzamiento-orfeo-ng-2\/#breadcrumb\"},\"inLanguage\":\"es\",\"potentialAction\":[{\"@type\":\"ReadAction\",\"target\":[\"https:\/\/www.skinatech.com\/inicio\/lanzamiento-orfeo-ng-2\/\"]}]},{\"@type\":\"BreadcrumbList\",\"@id\":\"https:\/\/www.skinatech.com\/inicio\/lanzamiento-orfeo-ng-2\/#breadcrumb\",\"itemListElement\":[{\"@type\":\"ListItem\",\"position\":1,\"name\":\"Inicio\",\"item\":\"https:\/\/www.skinatech.com\/inicio\/\"},{\"@type\":\"ListItem\",\"position\":2,\"name\":\"Lanzamiento Orfeo NG 2\"}]}]}<\/script>\n<!-- \/ Yoast SEO plugin. -->","yoast_head_json":{"title":"Lanzamiento Orfeo NG 2 - Skina Technologies S.A.S.","description":"Registra tus datos si est\u00e1s interesado(a) en asistir a la transmisi\u00f3n en vivo y\u00a0pronto recibir\u00e1s el link de acceso.\u00a0","robots":{"index":"index","follow":"follow","max-snippet":"max-snippet:-1","max-image-preview":"max-image-preview:large","max-video-preview":"max-video-preview:-1"},"canonical":"https:\/\/www.skinatech.com\/inicio\/lanzamiento-orfeo-ng-2\/","og_locale":"es_ES","og_type":"article","og_title":"Lanzamiento Orfeo NG 2 - Skina Technologies S.A.S.","og_description":"Registra tus datos si est\u00e1s interesado(a) en asistir a la transmisi\u00f3n en vivo y\u00a0pronto recibir\u00e1s el link de acceso.\u00a0","og_url":"https:\/\/www.skinatech.com\/inicio\/lanzamiento-orfeo-ng-2\/","og_site_name":"Skina Technologies S.A.S.","article_publisher":"https:\/\/www.facebook.com\/skinatech\/","article_modified_time":"2026-04-23T20:04:38+00:00","og_image":[{"url":"https:\/\/www.skinatech.com\/inicio\/wp-content\/uploads\/2026\/04\/invitacion_virtual_lanzamiento_orfeo_ng_2_skinatech.png"}],"twitter_card":"summary_large_image","twitter_misc":{"Tiempo de lectura":"1 minuto"},"schema":{"@context":"https:\/\/schema.org","@graph":[{"@type":"Organization","@id":"https:\/\/www.skinatech.com\/inicio\/#organization","name":"Skina Technologies S.A.S","url":"https:\/\/www.skinatech.com\/inicio\/","sameAs":["https:\/\/www.facebook.com\/skinatech\/","https:\/\/www.instagram.com\/skina_tech\/","https:\/\/www.linkedin.com\/company\/skina-technologies-sas\/","https:\/\/www.youtube.com\/@SkinaTechnologiesSAS"],"logo":{"@type":"ImageObject","@id":"https:\/\/www.skinatech.com\/inicio\/#logo","inLanguage":"es","url":"https:\/\/www.skinatech.com\/inicio\/wp-content\/uploads\/2021\/05\/logo_skinatech_2021_skinatech_logo.png","contentUrl":"https:\/\/www.skinatech.com\/inicio\/wp-content\/uploads\/2021\/05\/logo_skinatech_2021_skinatech_logo.png","width":692,"height":251,"caption":"Skina Technologies S.A.S"},"image":{"@id":"https:\/\/www.skinatech.com\/inicio\/#logo"}},{"@type":"WebSite","@id":"https:\/\/www.skinatech.com\/inicio\/#website","url":"https:\/\/www.skinatech.com\/inicio\/","name":"Skina Technologies S.A.S.","description":"SkinaTech Gesti\u00f3n Documental","publisher":{"@id":"https:\/\/www.skinatech.com\/inicio\/#organization"},"potentialAction":[{"@type":"SearchAction","target":{"@type":"EntryPoint","urlTemplate":"https:\/\/www.skinatech.com\/inicio\/?s={search_term_string}"},"query-input":"required name=search_term_string"}],"inLanguage":"es"},{"@type":"ImageObject","@id":"https:\/\/www.skinatech.com\/inicio\/lanzamiento-orfeo-ng-2\/#primaryimage","inLanguage":"es","url":"https:\/\/www.skinatech.com\/inicio\/wp-content\/uploads\/2026\/04\/invitacion_virtual_lanzamiento_orfeo_ng_2_skinatech.png","contentUrl":"https:\/\/www.skinatech.com\/inicio\/wp-content\/uploads\/2026\/04\/invitacion_virtual_lanzamiento_orfeo_ng_2_skinatech.png","width":580,"height":650,"caption":"Invitaci\u00f3n virtual Orfeo NG II"},{"@type":"WebPage","@id":"https:\/\/www.skinatech.com\/inicio\/lanzamiento-orfeo-ng-2\/#webpage","url":"https:\/\/www.skinatech.com\/inicio\/lanzamiento-orfeo-ng-2\/","name":"Lanzamiento Orfeo NG 2 - Skina Technologies S.A.S.","isPartOf":{"@id":"https:\/\/www.skinatech.com\/inicio\/#website"},"primaryImageOfPage":{"@id":"https:\/\/www.skinatech.com\/inicio\/lanzamiento-orfeo-ng-2\/#primaryimage"},"datePublished":"2026-04-23T14:48:57+00:00","dateModified":"2026-04-23T20:04:38+00:00","description":"Registra tus datos si est\u00e1s interesado(a) en asistir a la transmisi\u00f3n en vivo y\u00a0pronto recibir\u00e1s el link de acceso.\u00a0","breadcrumb":{"@id":"https:\/\/www.skinatech.com\/inicio\/lanzamiento-orfeo-ng-2\/#breadcrumb"},"inLanguage":"es","potentialAction":[{"@type":"ReadAction","target":["https:\/\/www.skinatech.com\/inicio\/lanzamiento-orfeo-ng-2\/"]}]},{"@type":"BreadcrumbList","@id":"https:\/\/www.skinatech.com\/inicio\/lanzamiento-orfeo-ng-2\/#breadcrumb","itemListElement":[{"@type":"ListItem","position":1,"name":"Inicio","item":"https:\/\/www.skinatech.com\/inicio\/"},{"@type":"ListItem","position":2,"name":"Lanzamiento Orfeo NG 2"}]}]}},"_links":{"self":[{"href":"https:\/\/www.skinatech.com\/inicio\/wp-json\/wp\/v2\/pages\/10057"}],"collection":[{"href":"https:\/\/www.skinatech.com\/inicio\/wp-json\/wp\/v2\/pages"}],"about":[{"href":"https:\/\/www.skinatech.com\/inicio\/wp-json\/wp\/v2\/types\/page"}],"author":[{"embeddable":true,"href":"https:\/\/www.skinatech.com\/inicio\/wp-json\/wp\/v2\/users\/2"}],"replies":[{"embeddable":true,"href":"https:\/\/www.skinatech.com\/inicio\/wp-json\/wp\/v2\/comments?post=10057"}],"version-history":[{"count":89,"href":"https:\/\/www.skinatech.com\/inicio\/wp-json\/wp\/v2\/pages\/10057\/revisions"}],"predecessor-version":[{"id":12707,"href":"https:\/\/www.skinatech.com\/inicio\/wp-json\/wp\/v2\/pages\/10057\/revisions\/12707"}],"wp:attachment":[{"href":"https:\/\/www.skinatech.com\/inicio\/wp-json\/wp\/v2\/media?parent=10057"}],"curies":[{"name":"wp","href":"https:\/\/api.w.org\/{rel}","templated":true}]}}